{"id":452,"date":"2025-06-06T09:44:16","date_gmt":"2025-06-06T09:44:16","guid":{"rendered":"https:\/\/6ps.si\/index.php\/about\/"},"modified":"2025-08-10T21:20:45","modified_gmt":"2025-08-10T20:20:45","slug":"o-nas","status":"publish","type":"page","link":"https:\/\/6ps.si\/en\/o-nas\/","title":{"rendered":"About Us"},"content":{"rendered":"\t\t<div data-elementor-type=\"wp-page\" data-elementor-id=\"452\" class=\"elementor elementor-452\">\n\t\t\t\t<div class=\"elementor-element elementor-element-26b45901 e-flex e-con-boxed e-con e-parent\" data-id=\"26b45901\" data-element_type=\"container\" data-e-type=\"container\">\n\t\t\t\t\t<div class=\"e-con-inner\">\n\t\t<div class=\"elementor-element elementor-element-23b68223 e-con-full e-flex e-con e-child\" data-id=\"23b68223\" data-element_type=\"container\" data-e-type=\"container\">\n\t\t\t\t<div class=\"elementor-element elementor-element-7d841ac elementor-widget elementor-widget-heading\" data-id=\"7d841ac\" data-element_type=\"widget\" data-e-type=\"widget\" data-widget_type=\"heading.default\">\n\t\t\t\t<div class=\"elementor-widget-container\">\n\t\t\t\t\t<h6 class=\"elementor-heading-title elementor-size-default\">O nas\n<\/h6>\t\t\t\t<\/div>\n\t\t\t\t<\/div>\n\t\t\t\t<div class=\"elementor-element elementor-element-410e13c1 elementor-widget elementor-widget-heading\" data-id=\"410e13c1\" data-element_type=\"widget\" data-e-type=\"widget\" data-widget_type=\"heading.default\">\n\t\t\t\t<div class=\"elementor-widget-container\">\n\t\t\t\t\t<h2 class=\"elementor-heading-title elementor-size-default\">6PS = 6 Prostostnih Stopenj\n<\/h2>\t\t\t\t<\/div>\n\t\t\t\t<\/div>\n\t\t\t\t<div class=\"elementor-element elementor-element-72d4ecb1 elementor-widget elementor-widget-text-editor\" data-id=\"72d4ecb1\" data-element_type=\"widget\" data-e-type=\"widget\" data-widget_type=\"text-editor.default\">\n\t\t\t\t<div class=\"elementor-widget-container\">\n\t\t\t\t\t\t\t\t\t<p><span style=\"color: #000000; font-family: Outfit;\">Ustanovitev podjetja 6PS je povezana s potrebo po izbolj\u0161anju prikaza blaga na spletnih straneh. Ta je trenutno pogojena samo z 2D slikovnim prikazom, kar pa nam onemogo\u010da realisti\u010dno predstavo.<br><\/span><span style=\"color: rgb(0, 0, 0); font-style: inherit; font-weight: inherit;\">Re\u0161itev te te\u017eave smo na\u0161li v tehnologiji realisti\u010dnega 3D prikaza, ki stranki omogo\u010da bolj\u0161o vizualizacijo. Najnovej\u0161e tehnologije nam omogo\u010dajo stvaritev digitalnega dvoj\u010dka, ki podrobno upodabljajo izbrani artikel ali prostor.<br><\/span><span style=\"color: rgb(0, 0, 0); font-style: inherit; font-weight: inherit;\">Ime 6PS izhaja iz termina \u0161est prostostnih stopenj (6DoF \u2013 six degrees of freedom), kar pomeni, da lahko izdelek premaknemo v smeri vsake osi (x, y, z) in rotiramo preko vsake osi (rx, ry, rz).<\/span><\/p>\t\t\t\t\t\t\t\t<\/div>\n\t\t\t\t<\/div>\n\t\t\t\t<\/div>\n\t\t\t\t\t<\/div>\n\t\t\t\t<\/div>\n\t\t<div class=\"elementor-element elementor-element-35885d3 animated-fast e-flex e-con-boxed elementor-invisible e-con e-parent\" data-id=\"35885d3\" data-element_type=\"container\" data-e-type=\"container\" data-settings=\"{&quot;animation&quot;:&quot;fadeInUp&quot;}\">\n\t\t\t\t\t<div class=\"e-con-inner\">\n\t\t<div class=\"elementor-element elementor-element-4cc1fd1 e-con-full e-flex e-con e-child\" data-id=\"4cc1fd1\" data-element_type=\"container\" data-e-type=\"container\" data-settings=\"{&quot;background_background&quot;:&quot;classic&quot;}\">\n\t\t\t\t<\/div>\n\t\t<div class=\"elementor-element elementor-element-7320681 e-con-full e-flex e-con e-child\" data-id=\"7320681\" data-element_type=\"container\" data-e-type=\"container\">\n\t\t\t\t<div class=\"elementor-element elementor-element-cddc27e elementor-widget elementor-widget-heading\" data-id=\"cddc27e\" data-element_type=\"widget\" data-e-type=\"widget\" data-widget_type=\"heading.default\">\n\t\t\t\t<div class=\"elementor-widget-container\">\n\t\t\t\t\t<h6 class=\"elementor-heading-title elementor-size-default\">Jaka Verk<\/h6>\t\t\t\t<\/div>\n\t\t\t\t<\/div>\n\t\t\t\t<div class=\"elementor-element elementor-element-1897e43 elementor-widget elementor-widget-heading\" data-id=\"1897e43\" data-element_type=\"widget\" data-e-type=\"widget\" data-widget_type=\"heading.default\">\n\t\t\t\t<div class=\"elementor-widget-container\">\n\t\t\t\t\t<h2 class=\"elementor-heading-title elementor-size-default\"><p style=\"font-family: Outfit;font-style: normal;font-weight: 400;font-size: 18px;line-height: 23px;margin-top: 5px;margin-bottom: 5px\">Oblikovalec, ustvarjalec 3D modelov in 3D vsebin.<span style=\"font-family: Outfit, sans-serif;font-style: inherit\"><\/span><\/p><\/h2>\t\t\t\t<\/div>\n\t\t\t\t<\/div>\n\t\t<div class=\"elementor-element elementor-element-4c55c7e e-con-full e-flex e-con e-child\" data-id=\"4c55c7e\" data-element_type=\"container\" data-e-type=\"container\">\n\t\t\t\t<div class=\"elementor-element elementor-element-0c39ad3 elementor-widget elementor-widget-html\" data-id=\"0c39ad3\" data-element_type=\"widget\" data-e-type=\"widget\" data-widget_type=\"html.default\">\n\t\t\t\t<div class=\"elementor-widget-container\">\n\t\t\t\t\t<svg width=\"24\" height=\"25\" viewBox=\"0 0 24 25\" fill=\"none\" xmlns=\"http:\/\/www.w3.org\/2000\/svg\">\n<path d=\"M4 20.5C3.45 20.5 2.97917 20.3042 2.5875 19.9125C2.19583 19.5208 2 19.05 2 18.5V6.5C2 5.95 2.19583 5.47917 2.5875 5.0875C2.97917 4.69583 3.45 4.5 4 4.5H20C20.55 4.5 21.0208 4.69583 21.4125 5.0875C21.8042 5.47917 22 5.95 22 6.5V18.5C22 19.05 21.8042 19.5208 21.4125 19.9125C21.0208 20.3042 20.55 20.5 20 20.5H4ZM12 13.5L4 8.5V18.5H20V8.5L12 13.5ZM12 11.5L20 6.5H4L12 11.5ZM4 8.5V6.5V18.5V8.5Z\" fill=\"#1D1B20\"\/>\n<\/svg>\n\t\t\t\t<\/div>\n\t\t\t\t<\/div>\n\t\t\t\t<div class=\"elementor-element elementor-element-4d711a9 elementor-widget elementor-widget-heading\" data-id=\"4d711a9\" data-element_type=\"widget\" data-e-type=\"widget\" data-widget_type=\"heading.default\">\n\t\t\t\t<div class=\"elementor-widget-container\">\n\t\t\t\t\t<h2 class=\"elementor-heading-title elementor-size-default\"><span class=\"bi bi-envelope-at\" style=\"font-family: Outfit;line-height: 23px;margin-top: 5px;margin-bottom: 5px\">jaka.verk@6ps.si<\/span><\/h2>\t\t\t\t<\/div>\n\t\t\t\t<\/div>\n\t\t\t\t<\/div>\n\t\t<a class=\"elementor-element elementor-element-0e49077 e-con-full e-flex e-con e-child\" data-id=\"0e49077\" data-element_type=\"container\" data-e-type=\"container\" href=\"https:\/\/www.instagram.com\/peterflorjancic\/\" target=\"_blank\">\n\t\t\t\t<div class=\"elementor-element elementor-element-e94d7bd elementor-widget elementor-widget-html\" data-id=\"e94d7bd\" data-element_type=\"widget\" data-e-type=\"widget\" data-widget_type=\"html.default\">\n\t\t\t\t<div class=\"elementor-widget-container\">\n\t\t\t\t\t<svg width=\"22\" height=\"23\" viewBox=\"0 0 22 23\" fill=\"none\" xmlns=\"http:\/\/www.w3.org\/2000\/svg\">\n<path d=\"M16.6361 6.5H16.6477M8 21.5H14C19 21.5 21 19.5 21 14.5V8.5C21 3.5 19 1.5 14 1.5H8C3 1.5 1 3.5 1 8.5V14.5C1 19.5 3 21.5 8 21.5ZM14.5 11.5C14.5 13.433 12.933 15 11 15C9.067 15 7.5 13.433 7.5 11.5C7.5 9.567 9.067 8 11 8C12.933 8 14.5 9.567 14.5 11.5Z\" stroke=\"#292D32\" stroke-width=\"1.5\" stroke-linecap=\"round\" stroke-linejoin=\"round\"\/>\n<\/svg>\n\t\t\t\t<\/div>\n\t\t\t\t<\/div>\n\t\t\t\t<div class=\"elementor-element elementor-element-7c37293 elementor-widget elementor-widget-heading\" data-id=\"7c37293\" data-element_type=\"widget\" data-e-type=\"widget\" data-widget_type=\"heading.default\">\n\t\t\t\t<div class=\"elementor-widget-container\">\n\t\t\t\t\t<h2 class=\"elementor-heading-title elementor-size-default\">@jverk_<\/h2>\t\t\t\t<\/div>\n\t\t\t\t<\/div>\n\t\t\t\t<\/a>\n\t\t<a class=\"elementor-element elementor-element-0fbd686 e-con-full e-flex e-con e-child\" data-id=\"0fbd686\" data-element_type=\"container\" data-e-type=\"container\" href=\"https:\/\/www.instagram.com\/peterflorjancic\/\" target=\"_blank\">\n\t\t\t\t<div class=\"elementor-element elementor-element-ac1e05f elementor-widget elementor-widget-html\" data-id=\"ac1e05f\" data-element_type=\"widget\" data-e-type=\"widget\" data-widget_type=\"html.default\">\n\t\t\t\t<div class=\"elementor-widget-container\">\n\t\t\t\t\t<svg width=\"24\" height=\"25\" viewBox=\"0 0 24 25\" fill=\"none\" xmlns=\"http:\/\/www.w3.org\/2000\/svg\">\n<path d=\"M16 8.5C17.5913 8.5 19.1174 9.13214 20.2426 10.2574C21.3679 11.3826 22 12.9087 22 14.5V21.5H18V14.5C18 13.9696 17.7893 13.4609 17.4142 13.0858C17.0391 12.7107 16.5304 12.5 16 12.5C15.4696 12.5 14.9609 12.7107 14.5858 13.0858C14.2107 13.4609 14 13.9696 14 14.5V21.5H10V14.5C10 12.9087 10.6321 11.3826 11.7574 10.2574C12.8826 9.13214 14.4087 8.5 16 8.5Z\" stroke=\"#1E1E1E\" stroke-width=\"2.5\" stroke-linecap=\"round\" stroke-linejoin=\"round\"\/>\n<path d=\"M6 9.5H2V21.5H6V9.5Z\" stroke=\"#1E1E1E\" stroke-width=\"2.5\" stroke-linecap=\"round\" stroke-linejoin=\"round\"\/>\n<path d=\"M4 6.5C5.10457 6.5 6 5.60457 6 4.5C6 3.39543 5.10457 2.5 4 2.5C2.89543 2.5 2 3.39543 2 4.5C2 5.60457 2.89543 6.5 4 6.5Z\" stroke=\"#1E1E1E\" stroke-width=\"2.5\" stroke-linecap=\"round\" stroke-linejoin=\"round\"\/>\n<\/svg>\n\t\t\t\t<\/div>\n\t\t\t\t<\/div>\n\t\t\t\t<div class=\"elementor-element elementor-element-d9d4f2f elementor-widget elementor-widget-heading\" data-id=\"d9d4f2f\" data-element_type=\"widget\" data-e-type=\"widget\" data-widget_type=\"heading.default\">\n\t\t\t\t<div class=\"elementor-widget-container\">\n\t\t\t\t\t<h2 class=\"elementor-heading-title elementor-size-default\">Jaka Verk<\/h2>\t\t\t\t<\/div>\n\t\t\t\t<\/div>\n\t\t\t\t<\/a>\n\t\t\t\t<\/div>\n\t\t\t\t\t<\/div>\n\t\t\t\t<\/div>\n\t\t<div class=\"elementor-element elementor-element-5ae9ba4 animated-fast e-flex e-con-boxed elementor-invisible e-con e-parent\" data-id=\"5ae9ba4\" data-element_type=\"container\" data-e-type=\"container\" data-settings=\"{&quot;animation&quot;:&quot;fadeInUp&quot;}\">\n\t\t\t\t\t<div class=\"e-con-inner\">\n\t\t<div class=\"elementor-element elementor-element-31b736c e-con-full e-flex e-con e-child\" data-id=\"31b736c\" data-element_type=\"container\" data-e-type=\"container\" data-settings=\"{&quot;background_background&quot;:&quot;classic&quot;}\">\n\t\t\t\t<\/div>\n\t\t<div class=\"elementor-element elementor-element-7b92e7c e-con-full e-flex e-con e-child\" data-id=\"7b92e7c\" data-element_type=\"container\" data-e-type=\"container\">\n\t\t\t\t<div class=\"elementor-element elementor-element-b316321 elementor-widget elementor-widget-heading\" data-id=\"b316321\" data-element_type=\"widget\" data-e-type=\"widget\" data-widget_type=\"heading.default\">\n\t\t\t\t<div class=\"elementor-widget-container\">\n\t\t\t\t\t<h6 class=\"elementor-heading-title elementor-size-default\">Peter Florjan\u010di\u010d<\/h6>\t\t\t\t<\/div>\n\t\t\t\t<\/div>\n\t\t\t\t<div class=\"elementor-element elementor-element-fef2006 elementor-widget elementor-widget-heading\" data-id=\"fef2006\" data-element_type=\"widget\" data-e-type=\"widget\" data-widget_type=\"heading.default\">\n\t\t\t\t<div class=\"elementor-widget-container\">\n\t\t\t\t\t<h2 class=\"elementor-heading-title elementor-size-default\"><p style=\"font-family: Outfit;font-style: normal;font-weight: 400;font-size: 18px;line-height: 23px;margin-top: 5px;margin-bottom: 5px\">Podatkovni, backend in frontend programer.<span style=\"font-family: Outfit, sans-serif;font-style: inherit\"><\/span><\/p><\/h2>\t\t\t\t<\/div>\n\t\t\t\t<\/div>\n\t\t<div class=\"elementor-element elementor-element-e8f7d14 e-con-full e-flex e-con e-child\" data-id=\"e8f7d14\" data-element_type=\"container\" data-e-type=\"container\">\n\t\t\t\t<div class=\"elementor-element elementor-element-db84139 elementor-widget elementor-widget-html\" data-id=\"db84139\" data-element_type=\"widget\" data-e-type=\"widget\" data-widget_type=\"html.default\">\n\t\t\t\t<div class=\"elementor-widget-container\">\n\t\t\t\t\t<svg width=\"24\" height=\"25\" viewBox=\"0 0 24 25\" fill=\"none\" xmlns=\"http:\/\/www.w3.org\/2000\/svg\">\n<path d=\"M4 20.5C3.45 20.5 2.97917 20.3042 2.5875 19.9125C2.19583 19.5208 2 19.05 2 18.5V6.5C2 5.95 2.19583 5.47917 2.5875 5.0875C2.97917 4.69583 3.45 4.5 4 4.5H20C20.55 4.5 21.0208 4.69583 21.4125 5.0875C21.8042 5.47917 22 5.95 22 6.5V18.5C22 19.05 21.8042 19.5208 21.4125 19.9125C21.0208 20.3042 20.55 20.5 20 20.5H4ZM12 13.5L4 8.5V18.5H20V8.5L12 13.5ZM12 11.5L20 6.5H4L12 11.5ZM4 8.5V6.5V18.5V8.5Z\" fill=\"#1D1B20\"\/>\n<\/svg>\n\t\t\t\t<\/div>\n\t\t\t\t<\/div>\n\t\t\t\t<div class=\"elementor-element elementor-element-5fe642d elementor-widget elementor-widget-heading\" data-id=\"5fe642d\" data-element_type=\"widget\" data-e-type=\"widget\" data-widget_type=\"heading.default\">\n\t\t\t\t<div class=\"elementor-widget-container\">\n\t\t\t\t\t<h2 class=\"elementor-heading-title elementor-size-default\"><span class=\"bi bi-envelope-at\" style=\"font-family: Outfit;line-height: 23px;margin-top: 5px;margin-bottom: 5px\">peter.florjancic@6ps.si<\/span><\/h2>\t\t\t\t<\/div>\n\t\t\t\t<\/div>\n\t\t\t\t<\/div>\n\t\t<a class=\"elementor-element elementor-element-8181920 e-con-full e-flex e-con e-child\" data-id=\"8181920\" data-element_type=\"container\" data-e-type=\"container\" href=\"https:\/\/www.instagram.com\/peterflorjancic\/\" target=\"_blank\">\n\t\t\t\t<div class=\"elementor-element elementor-element-400aa53 elementor-widget elementor-widget-html\" data-id=\"400aa53\" data-element_type=\"widget\" data-e-type=\"widget\" data-widget_type=\"html.default\">\n\t\t\t\t<div class=\"elementor-widget-container\">\n\t\t\t\t\t<svg width=\"22\" height=\"23\" viewBox=\"0 0 22 23\" fill=\"none\" xmlns=\"http:\/\/www.w3.org\/2000\/svg\">\n<path d=\"M16.6361 6.5H16.6477M8 21.5H14C19 21.5 21 19.5 21 14.5V8.5C21 3.5 19 1.5 14 1.5H8C3 1.5 1 3.5 1 8.5V14.5C1 19.5 3 21.5 8 21.5ZM14.5 11.5C14.5 13.433 12.933 15 11 15C9.067 15 7.5 13.433 7.5 11.5C7.5 9.567 9.067 8 11 8C12.933 8 14.5 9.567 14.5 11.5Z\" stroke=\"#292D32\" stroke-width=\"1.5\" stroke-linecap=\"round\" stroke-linejoin=\"round\"\/>\n<\/svg>\n\t\t\t\t<\/div>\n\t\t\t\t<\/div>\n\t\t\t\t<div class=\"elementor-element elementor-element-fcda207 elementor-widget elementor-widget-heading\" data-id=\"fcda207\" data-element_type=\"widget\" data-e-type=\"widget\" data-widget_type=\"heading.default\">\n\t\t\t\t<div class=\"elementor-widget-container\">\n\t\t\t\t\t<h2 class=\"elementor-heading-title elementor-size-default\">@peterflorjancic<\/h2>\t\t\t\t<\/div>\n\t\t\t\t<\/div>\n\t\t\t\t<\/a>\n\t\t<a class=\"elementor-element elementor-element-a55ff63 e-con-full e-flex e-con e-child\" data-id=\"a55ff63\" data-element_type=\"container\" data-e-type=\"container\" href=\"https:\/\/www.linkedin.com\/in\/peter-florjancic-703a28338\/\" target=\"_blank\">\n\t\t\t\t<div class=\"elementor-element elementor-element-7469b65 elementor-widget elementor-widget-html\" data-id=\"7469b65\" data-element_type=\"widget\" data-e-type=\"widget\" data-widget_type=\"html.default\">\n\t\t\t\t<div class=\"elementor-widget-container\">\n\t\t\t\t\t<svg width=\"24\" height=\"25\" viewBox=\"0 0 24 25\" fill=\"none\" xmlns=\"http:\/\/www.w3.org\/2000\/svg\">\n<path d=\"M16 8.5C17.5913 8.5 19.1174 9.13214 20.2426 10.2574C21.3679 11.3826 22 12.9087 22 14.5V21.5H18V14.5C18 13.9696 17.7893 13.4609 17.4142 13.0858C17.0391 12.7107 16.5304 12.5 16 12.5C15.4696 12.5 14.9609 12.7107 14.5858 13.0858C14.2107 13.4609 14 13.9696 14 14.5V21.5H10V14.5C10 12.9087 10.6321 11.3826 11.7574 10.2574C12.8826 9.13214 14.4087 8.5 16 8.5Z\" stroke=\"#1E1E1E\" stroke-width=\"2.5\" stroke-linecap=\"round\" stroke-linejoin=\"round\"\/>\n<path d=\"M6 9.5H2V21.5H6V9.5Z\" stroke=\"#1E1E1E\" stroke-width=\"2.5\" stroke-linecap=\"round\" stroke-linejoin=\"round\"\/>\n<path d=\"M4 6.5C5.10457 6.5 6 5.60457 6 4.5C6 3.39543 5.10457 2.5 4 2.5C2.89543 2.5 2 3.39543 2 4.5C2 5.60457 2.89543 6.5 4 6.5Z\" stroke=\"#1E1E1E\" stroke-width=\"2.5\" stroke-linecap=\"round\" stroke-linejoin=\"round\"\/>\n<\/svg>\n\t\t\t\t<\/div>\n\t\t\t\t<\/div>\n\t\t\t\t<div class=\"elementor-element elementor-element-f70d444 elementor-widget elementor-widget-heading\" data-id=\"f70d444\" data-element_type=\"widget\" data-e-type=\"widget\" data-widget_type=\"heading.default\">\n\t\t\t\t<div class=\"elementor-widget-container\">\n\t\t\t\t\t<h2 class=\"elementor-heading-title elementor-size-default\">Peter Florjan\u010di\u010d<\/h2>\t\t\t\t<\/div>\n\t\t\t\t<\/div>\n\t\t\t\t<\/a>\n\t\t\t\t<\/div>\n\t\t\t\t\t<\/div>\n\t\t\t\t<\/div>\n\t\t<div class=\"elementor-element elementor-element-61cf2b50 e-flex e-con-boxed e-con e-parent\" data-id=\"61cf2b50\" data-element_type=\"container\" data-e-type=\"container\" id=\"Kontakt\">\n\t\t\t\t\t<div class=\"e-con-inner\">\n\t\t\t\t<div class=\"elementor-element elementor-element-336204bf elementor-widget elementor-widget-heading\" data-id=\"336204bf\" data-element_type=\"widget\" data-e-type=\"widget\" data-widget_type=\"heading.default\">\n\t\t\t\t<div class=\"elementor-widget-container\">\n\t\t\t\t\t<h2 class=\"elementor-heading-title elementor-size-default\">Kontaktirajte nas <\/h2>\t\t\t\t<\/div>\n\t\t\t\t<\/div>\n\t\t\t\t<div class=\"elementor-element elementor-element-52d0ee4d eael-wpforms-form-button-custom elementor-widget elementor-widget-eael-wpforms\" data-id=\"52d0ee4d\" data-element_type=\"widget\" data-e-type=\"widget\" data-widget_type=\"eael-wpforms.default\">\n\t\t\t\t<div class=\"elementor-widget-container\">\n\t\t\t\t\t            <div class=\"eael-contact-form eael-wpforms eael-wpforms-align-center\">\n                                <div class=\"wpforms-container \" id=\"wpforms-73\"><form id=\"wpforms-form-73\" class=\"wpforms-validate wpforms-form wpforms-ajax-form\" data-formid=\"73\" method=\"post\" enctype=\"multipart\/form-data\" action=\"\/en\/wp-json\/wp\/v2\/pages\/452\" data-token=\"b722cf9c0e943a87a208357b8fd07d56\" data-token-time=\"1776286631\"><noscript class=\"wpforms-error-noscript\">Please enable JavaScript in your browser to complete this form.<\/noscript><div class=\"wpforms-field-container\"><div id=\"wpforms-73-field_0-container\" class=\"wpforms-field wpforms-field-name\" data-field-id=\"0\"><label class=\"wpforms-field-label wpforms-label-hide\" for=\"wpforms-73-field_0\">Ime <span class=\"wpforms-required-label\">*<\/span><\/label><input type=\"text\" id=\"wpforms-73-field_0\" class=\"wpforms-field-large wpforms-field-required\" name=\"wpforms[fields][0]\" placeholder=\"Ime\" required><\/div><div id=\"wpforms-73-field_6-container\" class=\"wpforms-field wpforms-field-name\" data-field-id=\"6\"><label class=\"wpforms-field-label wpforms-label-hide\" for=\"wpforms-73-field_6\">Podjetje<\/label><input type=\"text\" id=\"wpforms-73-field_6\" class=\"wpforms-field-large\" name=\"wpforms[fields][6]\" placeholder=\"Podjetje\" ><\/div><div id=\"wpforms-73-field_1-container\" class=\"wpforms-field wpforms-field-email\" data-field-id=\"1\"><label class=\"wpforms-field-label wpforms-label-hide\" for=\"wpforms-73-field_1\">Email <span class=\"wpforms-required-label\">*<\/span><\/label><input type=\"email\" id=\"wpforms-73-field_1\" class=\"wpforms-field-large wpforms-field-required\" name=\"wpforms[fields][1]\" placeholder=\"Email\" spellcheck=\"false\" required><\/div><div id=\"wpforms-73-field_2-container\" class=\"wpforms-field wpforms-field-textarea\" data-field-id=\"2\"><label class=\"wpforms-field-label wpforms-label-hide\" for=\"wpforms-73-field_2\">Sporo\u010dilo <span class=\"wpforms-required-label\">*<\/span><\/label><textarea id=\"wpforms-73-field_2\" class=\"wpforms-field-medium wpforms-field-required\" name=\"wpforms[fields][2]\" placeholder=\"Sporo\u010dilo (tip objekta, \u0161tevilo objektov, velikost objektov, ...)\" required><\/textarea><\/div><\/div><!-- .wpforms-field-container --><div class=\"wpforms-submit-container\" ><input type=\"hidden\" name=\"wpforms[id]\" value=\"73\"><input type=\"hidden\" name=\"page_title\" value=\"\"><input type=\"hidden\" name=\"page_url\" value=\"https:\/\/6ps.si\/en\/wp-json\/wp\/v2\/pages\/452\"><input type=\"hidden\" name=\"url_referer\" value=\"\"><button type=\"submit\" name=\"wpforms[submit]\" id=\"wpforms-submit-73\" class=\"wpforms-submit\" data-alt-text=\"Po\u0161iljanje...\" data-submit-text=\"Po\u0161lji\" aria-live=\"assertive\" value=\"wpforms-submit\">Po\u0161lji<\/button><img decoding=\"async\" src=\"https:\/\/6ps.si\/wp-content\/plugins\/wpforms-lite\/assets\/images\/submit-spin.svg\" class=\"wpforms-submit-spinner\" style=\"display: none;\" width=\"26\" height=\"26\" alt=\"Loading\"><\/div><\/form><\/div>  <!-- .wpforms-container -->            <\/div>\n\t\t\t\t<\/div>\n\t\t\t\t<\/div>\n\t\t\t\t\t<\/div>\n\t\t\t\t<\/div>\n\t\t\t\t<\/div>\n\t\t","protected":false},"excerpt":{"rendered":"<p>O nas 6PS = 6 Prostostnih Stopenj Ustanovitev podjetja 6PS je povezana s potrebo po izbolj\u0161anju prikaza blaga na spletnih [&hellip;]<\/p>\n","protected":false},"author":2,"featured_media":0,"parent":0,"menu_order":0,"comment_status":"closed","ping_status":"closed","template":"","meta":{"inline_featured_image":false,"site-sidebar-layout":"no-sidebar","site-content-layout":"page-builder","ast-site-content-layout":"full-width-container","site-content-style":"unboxed","site-sidebar-style":"unboxed","ast-global-header-display":"","ast-banner-title-visibility":"","ast-main-header-display":"","ast-hfb-above-header-display":"","ast-hfb-below-header-display":"","ast-hfb-mobile-header-display":"","site-post-title":"disabled","ast-breadcrumbs-content":"","ast-featured-img":"disabled","footer-sml-layout":"","ast-disable-related-posts":"","theme-transparent-header-meta":"enabled","adv-header-id-meta":"","stick-header-meta":"","header-above-stick-meta":"","header-main-stick-meta":"","header-below-stick-meta":"","astra-migrate-meta-layouts":"set","ast-page-background-enabled":"default","ast-page-background-meta":{"desktop":{"background-color":"var(--ast-global-color-4)","background-image":"","background-repeat":"repeat","background-position":"center center","background-size":"auto","background-attachment":"scroll","background-type":"","background-media":"","overlay-type":"","overlay-color":"","overlay-opacity":"","overlay-gradient":""},"tablet":{"background-color":"","background-image":"","background-repeat":"repeat","background-position":"center center","background-size":"auto","background-attachment":"scroll","background-type":"","background-media":"","overlay-type":"","overlay-color":"","overlay-opacity":"","overlay-gradient":""},"mobile":{"background-color":"","background-image":"","background-repeat":"repeat","background-position":"center center","background-size":"auto","background-attachment":"scroll","background-type":"","background-media":"","overlay-type":"","overlay-color":"","overlay-opacity":"","overlay-gradient":""}},"ast-content-background-meta":{"desktop":{"background-color":"var(--ast-global-color-5)","background-image":"","background-repeat":"repeat","background-position":"center center","background-size":"auto","background-attachment":"scroll","background-type":"","background-media":"","overlay-type":"","overlay-color":"","overlay-opacity":"","overlay-gradient":""},"tablet":{"background-color":"var(--ast-global-color-5)","background-image":"","background-repeat":"repeat","background-position":"center center","background-size":"auto","background-attachment":"scroll","background-type":"","background-media":"","overlay-type":"","overlay-color":"","overlay-opacity":"","overlay-gradient":""},"mobile":{"background-color":"var(--ast-global-color-5)","background-image":"","background-repeat":"repeat","background-position":"center center","background-size":"auto","background-attachment":"scroll","background-type":"","background-media":"","overlay-type":"","overlay-color":"","overlay-opacity":"","overlay-gradient":""}},"footnotes":""},"class_list":["post-452","page","type-page","status-publish","hentry"],"rttpg_featured_image_url":null,"rttpg_author":{"display_name":"Jaka Verk","author_link":"https:\/\/6ps.si\/en\/author\/6psjaka\/"},"rttpg_comment":0,"rttpg_category":null,"rttpg_excerpt":"O nas 6PS = 6 Prostostnih Stopenj Ustanovitev podjetja 6PS je povezana s potrebo po izbolj\u0161anju prikaza blaga na spletnih [&hellip;]","_links":{"self":[{"href":"https:\/\/6ps.si\/en\/wp-json\/wp\/v2\/pages\/452","targetHints":{"allow":["GET"]}}],"collection":[{"href":"https:\/\/6ps.si\/en\/wp-json\/wp\/v2\/pages"}],"about":[{"href":"https:\/\/6ps.si\/en\/wp-json\/wp\/v2\/types\/page"}],"author":[{"embeddable":true,"href":"https:\/\/6ps.si\/en\/wp-json\/wp\/v2\/users\/2"}],"replies":[{"embeddable":true,"href":"https:\/\/6ps.si\/en\/wp-json\/wp\/v2\/comments?post=452"}],"version-history":[{"count":12,"href":"https:\/\/6ps.si\/en\/wp-json\/wp\/v2\/pages\/452\/revisions"}],"predecessor-version":[{"id":4078,"href":"https:\/\/6ps.si\/en\/wp-json\/wp\/v2\/pages\/452\/revisions\/4078"}],"wp:attachment":[{"href":"https:\/\/6ps.si\/en\/wp-json\/wp\/v2\/media?parent=452"}],"curies":[{"name":"wp","href":"https:\/\/api.w.org\/{rel}","templated":true}]}}